{"id":98,"date":"2022-07-21T13:37:39","date_gmt":"2022-07-21T13:37:39","guid":{"rendered":"https:\/\/fordex.com.tr\/tr\/?page_id=98"},"modified":"2022-07-21T19:38:10","modified_gmt":"2022-07-21T16:38:10","slug":"gizlilik-politikasi","status":"publish","type":"page","link":"https:\/\/fordex.com.tr\/tr\/gizlilik-politikasi\/","title":{"rendered":"Gizlilik Politikas\u0131"},"content":{"rendered":"\n<p>Son G\u00fcncelleme: Eyl\u00fcl 20, 2021<\/p>\n\n\n\n<p>Bu Gizlilik Politikas\u0131, \u0130nternet Sayfam\u0131z\u0131 kulland\u0131\u011f\u0131n\u0131zda bilgilerinizin toplanmas\u0131, kullan\u0131lmas\u0131 ve a\u00e7\u0131klanmas\u0131na ili\u015fkin politikalar\u0131m\u0131z\u0131 ve prosed\u00fcrlerimizi a\u00e7\u0131klar, Size gizlilik haklar\u0131n\u0131z\u0131 ve yasalar\u0131n Sizi nas\u0131l korudu\u011funu anlat\u0131r.<\/p>\n\n\n\n<h2 class=\"wp-block-heading\">Yorum ve Tan\u0131mlar<\/h2>\n\n\n\n<h3 class=\"wp-block-heading\">Yorumlar<\/h3>\n\n\n\n<p>Ba\u015f harfi b\u00fcy\u00fck olan kelimeler a\u015fa\u011f\u0131daki ko\u015fullarda tan\u0131mlanan anlamlara sahiptir. A\u015fa\u011f\u0131daki tan\u0131mlar, tekil veya \u00e7o\u011ful olarak g\u00f6r\u00fcn\u00fcp g\u00f6r\u00fcnmediklerine bak\u0131lmaks\u0131z\u0131n ayn\u0131 anlama sahip olacakt\u0131r.<\/p>\n\n\n\n<h3 class=\"wp-block-heading\">Tan\u0131mlar<\/h3>\n\n\n\n<p>Bu Gizlilik Politikas\u0131n\u0131n ama\u00e7lar\u0131 i\u00e7in:<\/p>\n\n\n\n<ul><li><strong>Hesap:<\/strong>&nbsp;Hizmetimize veya Hizmetimizin baz\u0131 b\u00f6l\u00fcmlerine eri\u015fmeniz i\u00e7in Sizin i\u00e7in olu\u015fturulan benzersiz bir hesap anlam\u0131na gelir.<\/li><li><strong>\u015eirket:<\/strong>&nbsp;(bu S\u00f6zle\u015fmede \u201c\u015eirket\u201d, \u201cBiz\u201d, \u201cBiz\u201d veya \u201cBizim\u201d olarak an\u0131lacakt\u0131r) \u015eirket Merkezi, Kulo\u011flu Sokak No: 4\/2-3, 06690, \u00c7ANKAYA, ANKARA\u2019da yerle\u015fik VER\u0130S\u0130S A.\u015e\u2019yi, ifade eder.<\/li><li><strong>\u00c7erezler:<\/strong>&nbsp;bir web sitesi taraf\u0131ndan bilgisayar\u0131n\u0131za, mobil cihaz\u0131n\u0131za veya ba\u015fka bir cihaza yerle\u015ftirilen ve bir\u00e7ok kullan\u0131m\u0131 aras\u0131nda o web sitesindeki tarama ge\u00e7mi\u015finizin ayr\u0131nt\u0131lar\u0131n\u0131 i\u00e7eren k\u00fc\u00e7\u00fck dosyalard\u0131r.<\/li><li><strong>\u00dclke:<\/strong>&nbsp;T\u00fcrkiye<\/li><li><strong>Cihaz:<\/strong>&nbsp;bilgisayar, cep telefonu veya dijital tablet gibi Hizmete eri\u015febilen herhangi bir cihaz anlam\u0131na gelir.<\/li><li><strong>Ki\u015fisel Veriler:<\/strong>&nbsp;kimli\u011fi belirli veya belirlenebilir bir ki\u015fiyle ilgili her t\u00fcrl\u00fc bilgidir.<\/li><li><strong>Hizmet:<\/strong>&nbsp;Web Sitesini ifade eder.<\/li><li><strong>Hizmet Sa\u011flay\u0131c\u0131:<\/strong>&nbsp;verileri \u015eirket ad\u0131na i\u015fleyen herhangi bir ger\u00e7ek veya t\u00fczel ki\u015fi anlam\u0131na gelir. Hizmeti kolayla\u015ft\u0131rmak, \u015eirket ad\u0131na Hizmeti sa\u011flamak, Hizmetle ilgili hizmetleri ger\u00e7ekle\u015ftirmek veya \u015eirkete Hizmetin nas\u0131l kullan\u0131ld\u0131\u011f\u0131n\u0131 analiz etmede yard\u0131mc\u0131 olmak i\u00e7in \u015eirket taraf\u0131ndan istihdam edilen \u00fc\u00e7\u00fcnc\u00fc taraf \u015firketleri veya bireyleri ifade eder.<\/li><li><strong>\u00dc\u00e7\u00fcnc\u00fc Taraf Sosyal Medya Hizmeti:<\/strong>&nbsp;bir Kullan\u0131c\u0131n\u0131n Hizmeti kullanmak i\u00e7in oturum a\u00e7abilece\u011fi veya bir hesap olu\u015fturabilece\u011fi herhangi bir web sitesini veya herhangi bir sosyal a\u011f web sitesini ifade eder.<\/li><li><strong>Kullan\u0131m Verileri:<\/strong>&nbsp;Hizmetin kullan\u0131m\u0131yla veya Hizmet altyap\u0131s\u0131n\u0131n kendisinden (\u00f6rne\u011fin, bir sayfa ziyaretinin s\u00fcresi) otomatik olarak toplanan verileri ifade eder.<\/li><li><strong>Web sitesi:<\/strong>&nbsp;https:\/\/www.fordex.com.tr adresinden eri\u015filebilen FORDEX&#8217;e at\u0131fta bulunmaktad\u0131r.<\/li><li><strong>Siz\/Kullan\u0131c\u0131:<\/strong>&nbsp;Hizmete eri\u015fen veya Hizmeti kullanan ki\u015fi veya Hizmet\u2019i ad\u0131na kulland\u0131\u011f\u0131 \u015firket veya di\u011fer t\u00fczel ki\u015filik anlam\u0131na gelir.<\/li><\/ul>\n\n\n\n<h2 class=\"wp-block-heading\">Ki\u015fisel Verilerinizin Toplanmas\u0131 ve Kullan\u0131lmas\u0131<\/h2>\n\n\n\n<h4 class=\"wp-block-heading\">Toplanan Veri T\u00fcrleri<\/h4>\n\n\n\n<h4 class=\"wp-block-heading\">Ki\u015fisel Veriler<\/h4>\n\n\n\n<p>Hizmetimizi kullan\u0131rken, Sizden, Sizinle ileti\u015fim kurmak veya sizi tan\u0131mlamak i\u00e7in kullan\u0131labilecek belirli ki\u015fisel olarak tan\u0131mlanabilir bilgileri sa\u011flaman\u0131z\u0131 isteyebiliriz. Ki\u015fisel olarak tan\u0131mlanabilir bilgiler a\u015fa\u011f\u0131dakileri i\u00e7erebilir, ancak bunlarla s\u0131n\u0131rl\u0131 de\u011fildir:<\/p>\n\n\n\n<ul><li>E-posta adresiniz<\/li><li>Ad ve soyad<\/li><li>Telefon numaras\u0131<\/li><li>Kurum bilgisi<\/li><li>Adres, Eyalet, \u0130l, Posta\/Posta kodu, \u015eehir<\/li><li>Kullan\u0131m verisi<\/li><\/ul>\n\n\n\n<h4 class=\"wp-block-heading\">Kullan\u0131m Verisi<\/h4>\n\n\n\n<p>Kullan\u0131m Verileri, Hizmet kullan\u0131l\u0131rken otomatik olarak toplan\u0131r.<\/p>\n\n\n\n<p>Kullan\u0131m Verileri, Cihaz\u0131n\u0131z\u0131n \u0130nternet Protokol adresi (\u00f6rn. IP adresi), taray\u0131c\u0131 t\u00fcr\u00fc, taray\u0131c\u0131 s\u00fcr\u00fcm\u00fc, ziyaret etti\u011finiz Hizmetimizin sayfalar\u0131, ziyaretinizin saati ve tarihi, bu sayfalarda ge\u00e7irilen s\u00fcre, benzersiz cihaz gibi bilgileri i\u00e7erebilir. tan\u0131mlay\u0131c\u0131lar ve di\u011fer te\u015fhis verileri.<\/p>\n\n\n\n<p>Hizmete bir mobil cihaz arac\u0131l\u0131\u011f\u0131yla veya arac\u0131l\u0131\u011f\u0131yla eri\u015fti\u011finizde, kulland\u0131\u011f\u0131n\u0131z mobil cihaz\u0131n t\u00fcr\u00fc, mobil cihaz\u0131n\u0131z\u0131n benzersiz kimli\u011fi, mobil cihaz\u0131n\u0131z\u0131n IP adresi, cep telefonunuz dahil ancak bunlarla s\u0131n\u0131rl\u0131 olmamak \u00fczere belirli bilgileri otomatik olarak toplayabiliriz. i\u015fletim sistemi, kulland\u0131\u011f\u0131n\u0131z mobil \u0130nternet taray\u0131c\u0131s\u0131n\u0131n t\u00fcr\u00fc, benzersiz cihaz tan\u0131mlay\u0131c\u0131lar\u0131 ve di\u011fer tan\u0131lama verileri.<\/p>\n\n\n\n<p>Hizmetimizi her ziyaret etti\u011finizde veya bir mobil cihaz arac\u0131l\u0131\u011f\u0131yla veya arac\u0131l\u0131\u011f\u0131yla Hizmete eri\u015fti\u011finizde taray\u0131c\u0131n\u0131z\u0131n g\u00f6nderdi\u011fi bilgileri de toplayabiliriz.<\/p>\n\n\n\n<h4 class=\"wp-block-heading\">\u0130zleme Teknolojileri ve \u00c7erezler<\/h4>\n\n\n\n<p>Hizmetimizdeki etkinli\u011fi izlemek ve belirli bilgileri depolamak i\u00e7in \u00c7erezler ve benzer izleme teknolojileri kullan\u0131yoruz. Kullan\u0131lan izleme teknolojileri, bilgi toplamak ve izlemek ve Hizmetimizi iyile\u015ftirmek ve analiz etmek i\u00e7in i\u015faretler, etiketler ve komut dosyalar\u0131d\u0131r.<\/p>\n\n\n\n<p>Taray\u0131c\u0131n\u0131za t\u00fcm \u00c7erezleri reddetmesi veya bir \u00c7erez g\u00f6nderildi\u011finde belirtmesi i\u00e7in talimat verebilirsiniz. Ancak \u00c7erezleri kabul etmezseniz Hizmetimizin baz\u0131 k\u0131s\u0131mlar\u0131n\u0131 kullanamayabilirsiniz.<\/p>\n\n\n\n<p>\u00c7erezler, \u201cKal\u0131c\u0131\u201d veya \u201cOturum\u201d \u00c7erezleri olabilir. Kal\u0131c\u0131 \u00c7erezler, \u00e7evrimd\u0131\u015f\u0131 oldu\u011funuzda ki\u015fisel bilgisayar\u0131n\u0131zda veya mobil cihaz\u0131n\u0131zda kal\u0131rken Oturum \u00c7erezleri, siz web taray\u0131c\u0131n\u0131z\u0131 kapat\u0131r kapatmaz silinir.<\/p>\n\n\n\n<p>A\u015fa\u011f\u0131da belirtilen ama\u00e7lar i\u00e7in hem oturum hem de kal\u0131c\u0131 \u00c7erezler kullan\u0131yoruz:<\/p>\n\n\n\n<ul><li><strong>Gerekli \/ Temel \u00c7erezler:<\/strong>&nbsp;Oturum \u00c7erezleri: Bu \u00c7erezler, Size Web Sitesi arac\u0131l\u0131\u011f\u0131yla sunulan hizmetleri sa\u011flamak ve Sitenin baz\u0131 \u00f6zelliklerini kullanabilmenizi sa\u011flamak i\u00e7in gereklidir. Kullan\u0131c\u0131lar\u0131n kimli\u011finin do\u011frulanmas\u0131na ve kullan\u0131c\u0131 hesaplar\u0131n\u0131n doland\u0131r\u0131c\u0131l\u0131k ama\u00e7l\u0131 kullan\u0131lmas\u0131n\u0131 \u00f6nlemeye yard\u0131mc\u0131 olurlar. Bu \u00c7erezler olmadan, talep etti\u011finiz hizmetler sa\u011flanamaz ve biz bu \u00c7erezleri yaln\u0131zca Size bu hizmetleri sa\u011flamak i\u00e7in kullan\u0131r\u0131z.<\/li><li><strong>\u00c7erez Politikas\u0131 \/ Bildirim Kabul \u00c7erezleri:<\/strong>&nbsp;Kal\u0131c\u0131 \u00c7erezler: Bu \u00c7erezler, kullan\u0131c\u0131lar\u0131n Web Sitesinde \u00e7erez kullan\u0131m\u0131n\u0131 kabul edip etmedi\u011fini belirler.<\/li><li><strong>\u0130\u015flevsellik \u00c7erezleri:<\/strong>&nbsp;T\u00fcr\u00fc: Kal\u0131c\u0131 \u00c7erezler: Bu \u00c7erezler, Web Sitesini kulland\u0131\u011f\u0131n\u0131zda, giri\u015f bilgilerinizi veya dil tercihinizi hat\u0131rlamak gibi yapt\u0131\u011f\u0131n\u0131z se\u00e7imleri hat\u0131rlamam\u0131z\u0131 sa\u011flar. Bu \u00c7erezlerin amac\u0131, Size daha ki\u015fisel bir deneyim sunmak ve Web Sitesini her kulland\u0131\u011f\u0131n\u0131zda tercihlerinizi yeniden girmek zorunda kalman\u0131z\u0131 \u00f6nlemektir.<\/li><\/ul>\n\n\n\n<p>Kulland\u0131\u011f\u0131m\u0131z \u00e7erezler ve \u00e7erezlerle ilgili tercihleriniz hakk\u0131nda daha fazla bilgi i\u00e7in l\u00fctfen \u00c7erez Politikam\u0131z\u0131 veya Gizlilik Politikam\u0131z\u0131n \u00c7erezler b\u00f6l\u00fcm\u00fcn\u00fc ziyaret edin.<\/p>\n\n\n\n<h3 class=\"wp-block-heading\">Ki\u015fisel Verilerinizin Kullan\u0131m\u0131<\/h3>\n\n\n\n<p>\u015eirket, Ki\u015fisel Verileri a\u015fa\u011f\u0131daki ama\u00e7larla kullanabilir:<\/p>\n\n\n\n<ul><li>Hizmetimizin kullan\u0131m\u0131n\u0131 izlemek de dahil olmak \u00fczere&nbsp;<strong>Hizmetimizi sa\u011flamak ve s\u00fcrd\u00fcrmek.<\/strong><\/li><li><strong>Hesab\u0131n\u0131z\u0131 y\u00f6netmek i\u00e7in:&nbsp;<\/strong>Hizmet kullan\u0131c\u0131s\u0131 olarak kayd\u0131n\u0131z\u0131 y\u00f6netmek i\u00e7in. Sa\u011flad\u0131\u011f\u0131n\u0131z Ki\u015fisel Veriler, Size kay\u0131tl\u0131 bir kullan\u0131c\u0131 olarak sunulan Hizmetin farkl\u0131 i\u015flevlerine eri\u015fmenizi sa\u011flayabilir.<\/li><li><strong>Bir s\u00f6zle\u015fmenin ifas\u0131 i\u00e7in:<\/strong>&nbsp;Sat\u0131n ald\u0131\u011f\u0131n\u0131z \u00fcr\u00fcnler, \u00f6\u011feler veya hizmetler i\u00e7in sat\u0131n alma s\u00f6zle\u015fmesinin veya Hizmet arac\u0131l\u0131\u011f\u0131yla Bizimle yap\u0131lan herhangi bir s\u00f6zle\u015fmenin geli\u015ftirilmesi, uygunlu\u011fu ve \u00fcstlenilmesi.<\/li><li><strong>Sizinle ileti\u015fime ge\u00e7mek i\u00e7in:&nbsp;<\/strong>Sizinle e-posta, telefon g\u00f6r\u00fc\u015fmeleri, SMS veya bir mobil uygulaman\u0131n g\u00fcncellemelerle ilgili anl\u0131k bildirimleri veya g\u00fcvenlik g\u00fcncellemeleri dahil i\u015flevler, \u00fcr\u00fcnler veya s\u00f6zle\u015fmeli hizmetlerle ilgili bilgilendirici ileti\u015fimler gibi di\u011fer e\u015fde\u011fer elektronik ileti\u015fim bi\u00e7imleriyle ileti\u015fim kurmak i\u00e7in, uygulanmas\u0131 i\u00e7in gerekli veya makul oldu\u011funda.<\/li><li>Size, bu t\u00fcr bilgileri almamay\u0131 se\u00e7medi\u011finiz s\u00fcrece, halihaz\u0131rda sat\u0131n ald\u0131\u011f\u0131n\u0131z veya sordu\u011funuz \u00fcr\u00fcnlere benzer, sundu\u011fumuz di\u011fer mallar,&nbsp;<strong>hizmetler ve etkinlikler hakk\u0131nda haberler, \u00f6zel teklifler ve genel bilgiler sa\u011flamak.<\/strong><\/li><li><strong>\u0130steklerinizi y\u00f6netmek i\u00e7in:&nbsp;<\/strong>Bize gelen isteklerinize kat\u0131lmak ve bunlar\u0131 y\u00f6netmek i\u00e7in.<\/li><\/ul>\n\n\n\n<p>Ki\u015fisel bilgilerinizi a\u015fa\u011f\u0131daki durumlarda payla\u015fabiliriz:<\/p>\n\n\n\n<ul><li><strong>Hizmet Sa\u011flay\u0131c\u0131larla:&nbsp;<\/strong>Hizmetimizin kullan\u0131m\u0131n\u0131 izlemek ve analiz etmek, Sizinle ileti\u015fime ge\u00e7mek i\u00e7in ki\u015fisel bilgilerinizi Hizmet Sa\u011flay\u0131c\u0131larla payla\u015fabiliriz.<\/li><li><strong>\u0130\u015f devirleri i\u00e7in:<\/strong>&nbsp;Ki\u015fisel bilgilerinizi herhangi bir birle\u015fme, \u015eirket varl\u0131klar\u0131n\u0131n sat\u0131\u015f\u0131, finansman veya i\u015fimizin tamam\u0131n\u0131n veya bir k\u0131sm\u0131n\u0131n ba\u015fka bir \u015firkete sat\u0131n al\u0131nmas\u0131yla ba\u011flant\u0131l\u0131 olarak veya m\u00fczakereler s\u0131ras\u0131nda payla\u015fabilir veya devredebiliriz.<\/li><li><strong>Ba\u011fl\u0131 Kurulu\u015flarla:<\/strong>&nbsp;Bilgilerinizi ba\u011fl\u0131 \u015firketlerimizle payla\u015fabiliriz; bu durumda, bu ba\u011fl\u0131 kurulu\u015flar\u0131n bu Gizlilik Politikas\u0131na uymalar\u0131n\u0131 zorunlu k\u0131laca\u011f\u0131z. \u0130\u015ftirakler, ana \u015firketimizi ve bizim kontrol etti\u011fimiz veya bizimle ortak kontrol alt\u0131nda olan di\u011fer ba\u011fl\u0131 kurulu\u015flar\u0131, ortak giri\u015fim ortaklar\u0131n\u0131 veya di\u011fer \u015firketleri i\u00e7erir.<\/li><li><strong>\u0130\u015f ortaklar\u0131yla:<\/strong>&nbsp;Size belirli \u00fcr\u00fcnler, hizmetler veya promosyonlar sunmak i\u00e7in Bilgilerinizi i\u015f ortaklar\u0131m\u0131zla payla\u015fabiliriz.<\/li><li><strong>Di\u011fer kullan\u0131c\u0131larla:&nbsp;<\/strong>Ki\u015fisel bilgileri payla\u015ft\u0131\u011f\u0131n\u0131z veya di\u011fer kullan\u0131c\u0131larla genel alanlarda ba\u015fka bir \u015fekilde etkile\u015fime ge\u00e7ti\u011finizde, bu t\u00fcr bilgiler t\u00fcm kullan\u0131c\u0131lar taraf\u0131ndan g\u00f6r\u00fcnt\u00fclenebilir ve d\u0131\u015far\u0131da herkese a\u00e7\u0131k olarak da\u011f\u0131t\u0131labilir. Di\u011fer kullan\u0131c\u0131larla etkile\u015fime girerseniz veya bir \u00dc\u00e7\u00fcnc\u00fc \u015eah\u0131s Sosyal Medya Hizmeti arac\u0131l\u0131\u011f\u0131yla kaydolursan\u0131z, \u00dc\u00e7\u00fcnc\u00fc \u015eah\u0131s Sosyal Medya Hizmetindeki ki\u015fileriniz ad\u0131n\u0131z\u0131, profilinizi, resimlerinizi ve faaliyetinizin a\u00e7\u0131klamas\u0131n\u0131 g\u00f6rebilir. Benzer \u015fekilde, di\u011fer kullan\u0131c\u0131lar etkinli\u011finizin a\u00e7\u0131klamalar\u0131n\u0131 g\u00f6r\u00fcnt\u00fcleyebilir, Sizinle ileti\u015fim kurabilir ve profilinizi g\u00f6r\u00fcnt\u00fcleyebilir.<\/li><\/ul>\n\n\n\n<h3 class=\"wp-block-heading\">Ki\u015fisel Verilerinizin Saklanmas\u0131<\/h3>\n\n\n\n<p>\u015eirket, Ki\u015fisel Verilerinizi yaln\u0131zca bu Gizlilik Politikas\u0131nda belirtilen ama\u00e7lar i\u00e7in gerekli oldu\u011fu s\u00fcrece saklayacakt\u0131r. Ki\u015fisel Verilerinizi, yasal y\u00fck\u00fcml\u00fcl\u00fcklerimize uymak (\u00f6rne\u011fin, ge\u00e7erli yasalara uymak i\u00e7in verilerinizi saklamam\u0131z gerekiyorsa), anla\u015fmazl\u0131klar\u0131 \u00e7\u00f6zmek ve yasal anla\u015fmalar\u0131m\u0131z\u0131 ve politikalar\u0131m\u0131z\u0131 uygulamak i\u00e7in gerekli oldu\u011fu \u00f6l\u00e7\u00fcde saklayacak ve kullanaca\u011f\u0131z.<\/p>\n\n\n\n<p>\u015eirket ayr\u0131ca Kullan\u0131m Verilerini dahili analiz amac\u0131yla saklayacakt\u0131r. Kullan\u0131m Verileri, bu verilerin g\u00fcvenli\u011fini g\u00fc\u00e7lendirmek veya Hizmetimizin i\u015flevselli\u011fini geli\u015ftirmek i\u00e7in kullan\u0131lmas\u0131 veya yasal olarak bu verileri daha uzun s\u00fcreler boyunca saklamakla y\u00fck\u00fcml\u00fc olmam\u0131z d\u0131\u015f\u0131nda, genellikle daha k\u0131sa bir s\u00fcre i\u00e7in saklan\u0131r.<\/p>\n\n\n\n<h3 class=\"wp-block-heading\">Ki\u015fisel Verilerinizin Aktar\u0131lmas\u0131<\/h3>\n\n\n\n<p>Ki\u015fisel Verileriniz de dahil olmak \u00fczere bilgileriniz, \u015eirketin faaliyet ofislerinde ve i\u015flemeye dahil olan taraflar\u0131n bulundu\u011fu di\u011fer t\u00fcm yerlerde i\u015flenir. Bu, bu bilgilerin, veri koruma yasalar\u0131n\u0131n Sizin yetki alan\u0131n\u0131zdan farkl\u0131 olabilece\u011fi eyalet, il, \u00fclke veya di\u011fer resmi yarg\u0131 yetkisi d\u0131\u015f\u0131nda bulunan bilgisayarlara aktar\u0131labilece\u011fi ve bu bilgisayarlarda saklanabilece\u011fi anlam\u0131na gelir.<\/p>\n\n\n\n<p>Bu Gizlilik Politikas\u0131na verdi\u011finiz onay\u0131n ard\u0131ndan bu t\u00fcr bilgileri g\u00f6ndermeniz, bu aktar\u0131ma ili\u015fkin s\u00f6zle\u015fmenizi temsil eder.<\/p>\n\n\n\n<p>\u015eirket, verilerinizin g\u00fcvenli bir \u015fekilde ve bu Gizlilik Politikas\u0131na uygun olarak ele al\u0131nd\u0131\u011f\u0131ndan emin olmak i\u00e7in makul olarak gerekli t\u00fcm ad\u0131mlar\u0131 atacakt\u0131r ve Ki\u015fisel Verilerinizin g\u00fcvenli\u011fi de dahil olmak \u00fczere yeterli kontroller olmad\u0131k\u00e7a bir kurulu\u015fa veya \u00fclkeye aktar\u0131lmayacakt\u0131r. Verileriniz ve di\u011fer ki\u015fisel bilgileriniz.<\/p>\n\n\n\n<h3 class=\"wp-block-heading\">Ki\u015fisel Verilerinizin A\u00e7\u0131klanmas\u0131<\/h3>\n\n\n\n<h4 class=\"wp-block-heading\">Ticari i\u015flemler<\/h4>\n\n\n\n<p>\u015eirketin bir birle\u015fme, devralma veya varl\u0131k sat\u0131\u015f\u0131na dahil olmas\u0131 durumunda Ki\u015fisel Verileriniz aktar\u0131labilir. Ki\u015fisel Verileriniz aktar\u0131lmadan ve farkl\u0131 bir Gizlilik Politikas\u0131na tabi olmadan \u00f6nce bildirimde bulunaca\u011f\u0131z.<\/p>\n\n\n\n<h4 class=\"wp-block-heading\">Resmi kurumlar<\/h4>\n\n\n\n<p>Belirli ko\u015fullar alt\u0131nda, kanunen gerekliyse veya resmi makamlar\u0131n (\u00f6rne\u011fin bir mahkeme veya bir devlet kurumu) ge\u00e7erli taleplerine yan\u0131t olarak \u015eirket\u2019in Ki\u015fisel Verilerinizi if\u015fa etmesi gerekebilir.<\/p>\n\n\n\n<h4 class=\"wp-block-heading\">Di\u011fer yasal gereklilikler<\/h4>\n\n\n\n<p>\u015eirket, Ki\u015fisel Verilerinizi, bu t\u00fcr bir eylemin a\u015fa\u011f\u0131dakiler i\u00e7in gerekli oldu\u011funa iyi niyetle inanarak a\u00e7\u0131klayabilir;<\/p>\n\n\n\n<ul><li>Yasal bir y\u00fck\u00fcml\u00fcl\u00fc\u011fe uymak<\/li><li>\u015eirketin haklar\u0131n\u0131 veya m\u00fclkiyetini korumak ve savunmak<\/li><li>Hizmetle ba\u011flant\u0131l\u0131 olas\u0131 suistimalleri \u00f6nlemek veya ara\u015ft\u0131rmak<\/li><li>Hizmet Kullan\u0131c\u0131lar\u0131n\u0131n veya kamunun ki\u015fisel g\u00fcvenli\u011fini korumak<\/li><\/ul>\n\n\n\n<h3 class=\"wp-block-heading\">Ki\u015fisel Verilerinizin G\u00fcvenli\u011fi<\/h3>\n\n\n\n<p>Ki\u015fisel Verilerinizin g\u00fcvenli\u011fi Bizim i\u00e7in \u00f6nemlidir, ancak \u0130nternet \u00fczerinden hi\u00e7bir aktar\u0131m y\u00f6nteminin veya elektronik depolama y\u00f6nteminin %100 g\u00fcvenli olmad\u0131\u011f\u0131n\u0131 unutmay\u0131n. Ki\u015fisel Verilerinizi korumak i\u00e7in ticari olarak kabul edilebilir ara\u00e7lar\u0131 kullanmaya \u00e7abalarken, bunlar\u0131n mutlak g\u00fcvenli\u011fini garanti edemeyiz.<\/p>\n\n\n\n<h3 class=\"wp-block-heading\">Di\u011fer Web Sitelerine Ba\u011flant\u0131lar<\/h3>\n\n\n\n<p>Hizmetimiz, taraf\u0131m\u0131zca i\u015fletilmeyen di\u011fer web sitelerine ba\u011flant\u0131lar i\u00e7erebilir. Bir \u00fc\u00e7\u00fcnc\u00fc \u015fah\u0131s ba\u011flant\u0131s\u0131na t\u0131klarsan\u0131z, o \u00fc\u00e7\u00fcnc\u00fc \u015fahs\u0131n sitesine y\u00f6nlendirileceksiniz. Ziyaret etti\u011finiz her sitenin Gizlilik Politikas\u0131n\u0131 incelemenizi \u015fiddetle tavsiye ederiz.<\/p>\n\n\n\n<p>Herhangi bir \u00fc\u00e7\u00fcnc\u00fc taraf site veya hizmetinin i\u00e7eri\u011fi, gizlilik politikalar\u0131 veya uygulamalar\u0131 \u00fczerinde hi\u00e7bir kontrole sahip de\u011filiz ve sorumluluk kabul etmiyoruz.<\/p>\n\n\n\n<h3 class=\"wp-block-heading\">Bu Gizlilik Politikas\u0131ndaki De\u011fi\u015fiklikler<\/h3>\n\n\n\n<p>Gizlilik Politikam\u0131z\u0131 zaman zaman g\u00fcncelleyebiliriz. Bu sayfada yeni Gizlilik Politikas\u0131n\u0131 yay\u0131nlayarak herhangi bir de\u011fi\u015fiklik hakk\u0131nda Sizi bilgilendirece\u011fiz.<\/p>\n\n\n\n<p>De\u011fi\u015fikli\u011fin y\u00fcr\u00fcrl\u00fc\u011fe girmesinden ve bu Gizlilik Politikas\u0131n\u0131n \u00fcst k\u0131sm\u0131ndaki \u201cSon g\u00fcncelleme\u201d tarihini g\u00fcncellemeden \u00f6nce Size e-posta ve\/veya Hizmetimizle ilgili belirgin bir bildirim yoluyla bilgi verece\u011fiz.<\/p>\n\n\n\n<p>Herhangi bir de\u011fi\u015fiklik i\u00e7in bu Gizlilik Politikas\u0131n\u0131 periyodik olarak g\u00f6zden ge\u00e7irmeniz tavsiye edilir. Bu Gizlilik Politikas\u0131nda yap\u0131lan de\u011fi\u015fiklikler, bu sayfada yay\u0131nland\u0131klar\u0131nda ge\u00e7erlidir.<\/p>\n\n\n\n<h4 class=\"wp-block-heading\">Bize Ula\u015f\u0131n<\/h4>\n\n\n\n<p>Bu Gizlilik Politikas\u0131 ile ilgili herhangi bir sorunuz varsa, bizimle ileti\u015fime ge\u00e7ebilirsiniz:<\/p>\n\n\n\n<ul><li>E-posta ile:&nbsp;<a href=\"mailto:verisis@verisis.com.tr\">verisis@verisis.com.tr<\/a><\/li><li>Telefon ile: +90 (312) 468 74 78<\/li><\/ul>\n","protected":false},"excerpt":{"rendered":"<p>Son G\u00fcncelleme: Eyl\u00fcl 20, 2021 Bu Gizlilik Politikas\u0131, \u0130nternet Sayfam\u0131z\u0131 kulland\u0131\u011f\u0131n\u0131zda bilgilerinizin toplanmas\u0131, kullan\u0131lmas\u0131 ve a\u00e7\u0131klanmas\u0131na ili\u015fkin politikalar\u0131m\u0131z\u0131 ve prosed\u00fcrlerimizi a\u00e7\u0131klar, Size gizlilik haklar\u0131n\u0131z\u0131 ve yasalar\u0131n Sizi nas\u0131l korudu\u011funu anlat\u0131r. Yorum ve Tan\u0131mlar Yorumlar Ba\u015f harfi b\u00fcy\u00fck olan kelimeler a\u015fa\u011f\u0131daki ko\u015fullarda tan\u0131mlanan anlamlara sahiptir. A\u015fa\u011f\u0131daki tan\u0131mlar, tekil veya \u00e7o\u011ful olarak g\u00f6r\u00fcn\u00fcp g\u00f6r\u00fcnmediklerine bak\u0131lmaks\u0131z\u0131n ayn\u0131 anlama [&hellip;]<\/p>\n","protected":false},"author":1,"featured_media":0,"parent":0,"menu_order":0,"comment_status":"closed","ping_status":"closed","template":"","meta":{"_seopress_robots_primary_cat":"","_seopress_titles_title":"","_seopress_titles_desc":"","_seopress_robots_index":"","footnotes":""},"_links":{"self":[{"href":"https:\/\/fordex.com.tr\/tr\/wp-json\/wp\/v2\/pages\/98"}],"collection":[{"href":"https:\/\/fordex.com.tr\/tr\/wp-json\/wp\/v2\/pages"}],"about":[{"href":"https:\/\/fordex.com.tr\/tr\/wp-json\/wp\/v2\/types\/page"}],"author":[{"embeddable":true,"href":"https:\/\/fordex.com.tr\/tr\/wp-json\/wp\/v2\/users\/1"}],"replies":[{"embeddable":true,"href":"https:\/\/fordex.com.tr\/tr\/wp-json\/wp\/v2\/comments?post=98"}],"version-history":[{"count":0,"href":"https:\/\/fordex.com.tr\/tr\/wp-json\/wp\/v2\/pages\/98\/revisions"}],"wp:attachment":[{"href":"https:\/\/fordex.com.tr\/tr\/wp-json\/wp\/v2\/media?parent=98"}],"curies":[{"name":"wp","href":"https:\/\/api.w.org\/{rel}","templated":true}]}}